{"id":11,"date":"2018-02-04T03:16:27","date_gmt":"2018-02-04T03:16:27","guid":{"rendered":"http:\/\/dimaso.com.mx\/?page_id=11"},"modified":"2025-10-08T04:00:58","modified_gmt":"2025-10-08T04:00:58","slug":"nosotros","status":"publish","type":"page","link":"https:\/\/3delektroniker.com.mx\/wp\/nosotros\/","title":{"rendered":"Nosotros"},"content":{"rendered":"\n<div class=\"wp-block-group\"><div class=\"wp-block-group__inner-container is-layout-flow wp-block-group-is-layout-flow\"><div class=\"wp-block-image is-style-default\">\n<figure class=\"aligncenter is-resized\"><img loading=\"lazy\" decoding=\"async\" width=\"827\" height=\"334\" src=\"http:\/\/3delektroniker.com.mx\/wp\/wp-content\/uploads\/2021\/03\/Logo-PNG-1.png\" alt=\"\" class=\"wp-image-344\" style=\"width:389px;height:157px\" srcset=\"https:\/\/3delektroniker.com.mx\/wp\/wp-content\/uploads\/2021\/03\/Logo-PNG-1.png 827w, https:\/\/3delektroniker.com.mx\/wp\/wp-content\/uploads\/2021\/03\/Logo-PNG-1-300x121.png 300w, https:\/\/3delektroniker.com.mx\/wp\/wp-content\/uploads\/2021\/03\/Logo-PNG-1-768x310.png 768w\" sizes=\"auto, (max-width: 827px) 100vw, 827px\" \/><\/figure><\/div>\n\n\n<p>Somos una <strong>empresa mexicana<\/strong> especializada en servicios de reparaci\u00f3n y mantenimiento (Preventivo y Correctivo) para equipos electr\u00f3nicos industriales, teniendo un manejo amplio en diversas marcas y los diferentes sectores industriales. Nos dedicamos a proporcionar soluciones a las diferentes problem\u00e1ticas que se presentan d\u00eda a d\u00eda en la industria. Nos enorgullece ser una soluci\u00f3n integral para las necesidades de mantenimiento y reparaci\u00f3n en la industria.<\/p>\n\n\n\n<p>Algunos ejemplos de equipos en los que nos especializamos son:<\/p>\n<\/div><\/div>\n\n\n\n<p>\u00bfQuieres saber c\u00f3mo estamos constituidos?, Cons\u00faltalo entrando en el siguiente enlace:<\/p>\n\n\n\n<p> <a rel=\"noreferrer noopener\" href=\"http:\/\/3delektroniker.com.mx\/wp\/nosotros\/organigrama\/\" target=\"_blank\"><strong>Organigrama<\/strong><\/a><\/p>\n\n\n\n<p>Tenemos una gran responsabilidad con nuestros clientes, conoce m\u00e1s sobre nuestro compromiso con ustedes:  <\/p>\n\n\n\n<p><a style=\"font-weight: bold;\" href=\"http:\/\/3delektroniker.com.mx\/wp\/nosotros\/mision-vision\"><strong>Nuestra Misi\u00f3n y Visi\u00f3n<\/strong><\/a><\/p>\n\n\n\n<p>Conoce los <a rel=\"noreferrer noopener\" href=\"http:\/\/3delektroniker.com.mx\/wp\/segmentos-industriales\/\" data-type=\"URL\" data-id=\"http:\/\/3delektroniker.com.mx\/wp\/segmentos-industriales\/\" target=\"_blank\"><strong>S<\/strong><\/a><a rel=\"noreferrer noopener\" href=\"http:\/\/3delektroniker.com.mx\/wp\/segmentos-industriales\/\" data-type=\"URL\" data-id=\"http:\/\/3delektroniker.com.mx\/wp\/segmentos-industriales\/\" target=\"_blank\"><strong>ectores Industriales<\/strong><\/a> en los que trabajamos.<\/p>\n\n\n\n<p><\/p>\n","protected":false},"excerpt":{"rendered":"<p>Somos una empresa mexicana especializada en servicios de reparaci\u00f3n y mantenimiento (Preventivo y Correctivo) para equipos electr\u00f3nicos industriales, teniendo un manejo amplio en diversas marcas y los diferentes sectores industriales. Nos dedicamos a proporcionar soluciones a las diferentes problem\u00e1ticas que se presentan d\u00eda a d\u00eda en la industria. Nos enorgullece ser una soluci\u00f3n integral para&#8230;<\/p>\n<p class=\"more-link\"><a href=\"https:\/\/3delektroniker.com.mx\/wp\/nosotros\/\"><span>Read More<\/span><i>&#43;<\/i><\/a><\/p>\n","protected":false},"author":1,"featured_media":0,"parent":0,"menu_order":0,"comment_status":"closed","ping_status":"closed","template":"","meta":{"footnotes":""},"class_list":["post-11","page","type-page","status-publish","hentry"],"_links":{"self":[{"href":"https:\/\/3delektroniker.com.mx\/wp\/wp-json\/wp\/v2\/pages\/11","targetHints":{"allow":["GET"]}}],"collection":[{"href":"https:\/\/3delektroniker.com.mx\/wp\/wp-json\/wp\/v2\/pages"}],"about":[{"href":"https:\/\/3delektroniker.com.mx\/wp\/wp-json\/wp\/v2\/types\/page"}],"author":[{"embeddable":true,"href":"https:\/\/3delektroniker.com.mx\/wp\/wp-json\/wp\/v2\/users\/1"}],"replies":[{"embeddable":true,"href":"https:\/\/3delektroniker.com.mx\/wp\/wp-json\/wp\/v2\/comments?post=11"}],"version-history":[{"count":40,"href":"https:\/\/3delektroniker.com.mx\/wp\/wp-json\/wp\/v2\/pages\/11\/revisions"}],"predecessor-version":[{"id":801,"href":"https:\/\/3delektroniker.com.mx\/wp\/wp-json\/wp\/v2\/pages\/11\/revisions\/801"}],"wp:attachment":[{"href":"https:\/\/3delektroniker.com.mx\/wp\/wp-json\/wp\/v2\/media?parent=11"}],"curies":[{"name":"wp","href":"https:\/\/api.w.org\/{rel}","templated":true}]}}